{"id":2773,"date":"2023-01-15T20:14:34","date_gmt":"2023-01-15T19:14:34","guid":{"rendered":"http:\/\/www.kayakdouarnenez.fr\/?page_id=2773"},"modified":"2023-01-17T18:53:56","modified_gmt":"2023-01-17T17:53:56","slug":"journal","status":"publish","type":"page","link":"http:\/\/www.kayakdouarnenez.fr\/?page_id=2773","title":{"rendered":"Actualit\u00e9s"},"content":{"rendered":"\t\t<div data-elementor-type=\"wp-page\" data-elementor-id=\"2773\" class=\"elementor elementor-2773\">\n\t\t\t\t\t\t\t\t\t<section class=\"elementor-section elementor-top-section elementor-element elementor-element-925ff4d elementor-section-boxed elementor-section-height-default elementor-section-height-default\" data-id=\"925ff4d\" data-element_type=\"section\">\n\t\t\t\t\t\t<div class=\"elementor-container elementor-column-gap-default\">\n\t\t\t\t\t<div class=\"elementor-column elementor-col-100 elementor-top-column elementor-element elementor-element-e60d00a\" data-id=\"e60d00a\" data-element_type=\"column\">\n\t\t\t<div class=\"elementor-widget-wrap elementor-element-populated\">\n\t\t\t\t\t\t\t\t<div class=\"elementor-element elementor-element-12cf997 elementor-grid-3 elementor-grid-tablet-2 elementor-grid-mobile-1 elementor-widget elementor-widget-elementor-blog-posts\" data-id=\"12cf997\" data-element_type=\"widget\" data-settings=\"{&quot;columns&quot;:&quot;3&quot;,&quot;columns_tablet&quot;:&quot;2&quot;,&quot;columns_mobile&quot;:&quot;1&quot;}\" data-widget_type=\"elementor-blog-posts.default\">\n\t\t\t\t<div class=\"elementor-widget-container\">\n\t\t\t\t\t<div class=\"wpcap-grid\">\n\t\t\t\t\t\t<div class=\"wpcap-grid-container elementor-grid wpcap-grid-desktop-3 wpcap-grid-tablet-2 wpcap-grid-mobile-1\">\n\n\t\t\t\t\n        <article id=\"post-1670\" class=\"wpcap-post post-1670 post type-post status-publish format-standard has-post-thumbnail hentry category-non-classe tag-139 entry has-media\">\n         \n            <div class=\"post-grid-inner\">\n                \n                \t\t\t<div class=\"post-grid-thumbnail\">\n\t\t\t\t<a href=\"http:\/\/www.kayakdouarnenez.fr\/?p=1670\">\n\t\t\t\t\t<img width=\"300\" height=\"225\" src=\"http:\/\/www.kayakdouarnenez.fr\/wp-content\/uploads\/2023\/01\/306557001_1733114103731709_5371853682349004646_n-300x225.jpg\" class=\"attachment-medium size-medium wp-post-image\" alt=\"\" decoding=\"async\" loading=\"lazy\" srcset=\"http:\/\/www.kayakdouarnenez.fr\/wp-content\/uploads\/2023\/01\/306557001_1733114103731709_5371853682349004646_n-300x225.jpg 300w, http:\/\/www.kayakdouarnenez.fr\/wp-content\/uploads\/2023\/01\/306557001_1733114103731709_5371853682349004646_n-1024x768.jpg 1024w, http:\/\/www.kayakdouarnenez.fr\/wp-content\/uploads\/2023\/01\/306557001_1733114103731709_5371853682349004646_n-768x576.jpg 768w, http:\/\/www.kayakdouarnenez.fr\/wp-content\/uploads\/2023\/01\/306557001_1733114103731709_5371853682349004646_n-1536x1152.jpg 1536w, http:\/\/www.kayakdouarnenez.fr\/wp-content\/uploads\/2023\/01\/306557001_1733114103731709_5371853682349004646_n.jpg 2048w\" sizes=\"(max-width: 300px) 100vw, 300px\" \/>\t\t\t\t<\/a>\n\t\t\t<\/div>\n        \n                <div class=\"post-grid-text-wrap\">\n                                        \t\t<h3 class=\"title\">\n\t\t\t<a href=\"http:\/\/www.kayakdouarnenez.fr\/?p=1670\">Reprise des activit\u00e9s<\/a>\n\t\t<\/h3>\n\t\t                    \t\t<div class=\"post-grid-excerpt\">\n\t\t\t<p>Ce dimanche 11 septembre est jour de rentr\u00e9e pour Armor Kayak Douarnenez. La sortie matinale a \u00e9t\u00e9 l&#8217;occasion de&hellip;<\/p>\n\t\t<\/div>\n\t\t                    \t\t<a class=\"read-more-btn\" href=\"http:\/\/www.kayakdouarnenez.fr\/?p=1670\">Lire la suite \u00bb<\/a>\n\t\t                <\/div>\n\n            <\/div><!-- .blog-inner -->\n           \n        <\/article>\n\n        \n        <article id=\"post-3441\" class=\"wpcap-post post-3441 post type-post status-publish format-standard has-post-thumbnail hentry category-non-classe tag-139 entry has-media\">\n         \n            <div class=\"post-grid-inner\">\n                \n                \t\t\t<div class=\"post-grid-thumbnail\">\n\t\t\t\t<a href=\"http:\/\/www.kayakdouarnenez.fr\/?p=3441\">\n\t\t\t\t\t<img width=\"300\" height=\"169\" src=\"http:\/\/www.kayakdouarnenez.fr\/wp-content\/uploads\/2022\/08\/2022-08-14-Les-Etocs-300x169.jpg\" class=\"attachment-medium size-medium wp-post-image\" alt=\"\" decoding=\"async\" loading=\"lazy\" srcset=\"http:\/\/www.kayakdouarnenez.fr\/wp-content\/uploads\/2022\/08\/2022-08-14-Les-Etocs-300x169.jpg 300w, http:\/\/www.kayakdouarnenez.fr\/wp-content\/uploads\/2022\/08\/2022-08-14-Les-Etocs-1024x576.jpg 1024w, http:\/\/www.kayakdouarnenez.fr\/wp-content\/uploads\/2022\/08\/2022-08-14-Les-Etocs-768x432.jpg 768w, http:\/\/www.kayakdouarnenez.fr\/wp-content\/uploads\/2022\/08\/2022-08-14-Les-Etocs-1536x864.jpg 1536w, http:\/\/www.kayakdouarnenez.fr\/wp-content\/uploads\/2022\/08\/2022-08-14-Les-Etocs-800x450.jpg 800w, http:\/\/www.kayakdouarnenez.fr\/wp-content\/uploads\/2022\/08\/2022-08-14-Les-Etocs.jpg 1920w\" sizes=\"(max-width: 300px) 100vw, 300px\" \/>\t\t\t\t<\/a>\n\t\t\t<\/div>\n        \n                <div class=\"post-grid-text-wrap\">\n                                        \t\t<h3 class=\"title\">\n\t\t\t<a href=\"http:\/\/www.kayakdouarnenez.fr\/?p=3441\">A la rencontre des phoques aux Etocs<\/a>\n\t\t<\/h3>\n\t\t                    \t\t<div class=\"post-grid-excerpt\">\n\t\t\t<p>Journ\u00e9e pluvieuse en ce mois d\u2019ao\u00fbt si chaud. On est 8 au d\u00e9part du port de Kerity-Penmarc\u2019h, o\u00f9 on&hellip;<\/p>\n\t\t<\/div>\n\t\t                    \t\t<a class=\"read-more-btn\" href=\"http:\/\/www.kayakdouarnenez.fr\/?p=3441\">Lire la suite \u00bb<\/a>\n\t\t                <\/div>\n\n            <\/div><!-- .blog-inner -->\n           \n        <\/article>\n\n        \n        <article id=\"post-3764\" class=\"wpcap-post post-3764 post type-post status-publish format-standard has-post-thumbnail hentry category-sorties tag-139 entry has-media\">\n         \n            <div class=\"post-grid-inner\">\n                \n                \t\t\t<div class=\"post-grid-thumbnail\">\n\t\t\t\t<a href=\"http:\/\/www.kayakdouarnenez.fr\/?p=3764\">\n\t\t\t\t\t<img width=\"300\" height=\"225\" src=\"http:\/\/www.kayakdouarnenez.fr\/wp-content\/uploads\/2022\/05\/sortie-golf-2-300x225.jpg\" class=\"attachment-medium size-medium wp-post-image\" alt=\"\" decoding=\"async\" loading=\"lazy\" srcset=\"http:\/\/www.kayakdouarnenez.fr\/wp-content\/uploads\/2022\/05\/sortie-golf-2-300x225.jpg 300w, http:\/\/www.kayakdouarnenez.fr\/wp-content\/uploads\/2022\/05\/sortie-golf-2-768x576.jpg 768w, http:\/\/www.kayakdouarnenez.fr\/wp-content\/uploads\/2022\/05\/sortie-golf-2.jpg 960w\" sizes=\"(max-width: 300px) 100vw, 300px\" \/>\t\t\t\t<\/a>\n\t\t\t<\/div>\n        \n                <div class=\"post-grid-text-wrap\">\n                                        \t\t<h3 class=\"title\">\n\t\t\t<a href=\"http:\/\/www.kayakdouarnenez.fr\/?p=3764\">Week-end dans le golfe du Morbihan<\/a>\n\t\t<\/h3>\n\t\t                    \t\t<div class=\"post-grid-excerpt\">\n\t\t\t<p>\u00a0 Blablabla. http:\/\/www.kayakdouarnenez.fr\/wp-content\/uploads\/2022\/05\/Ile-aux-moines.mp4<\/p>\n\t\t<\/div>\n\t\t                    \t\t<a class=\"read-more-btn\" href=\"http:\/\/www.kayakdouarnenez.fr\/?p=3764\">Lire la suite \u00bb<\/a>\n\t\t                <\/div>\n\n            <\/div><!-- .blog-inner -->\n           \n        <\/article>\n\n        \n        <article id=\"post-3722\" class=\"wpcap-post post-3722 post type-post status-publish format-standard has-post-thumbnail hentry category-entrainement tag-139 entry has-media\">\n         \n            <div class=\"post-grid-inner\">\n                \n                \t\t\t<div class=\"post-grid-thumbnail\">\n\t\t\t\t<a href=\"http:\/\/www.kayakdouarnenez.fr\/?p=3722\">\n\t\t\t\t\t<img width=\"300\" height=\"169\" src=\"http:\/\/www.kayakdouarnenez.fr\/wp-content\/uploads\/2022\/05\/pause-esquimautage-dans-le-port-e1674202337641-300x169.jpg\" class=\"attachment-medium size-medium wp-post-image\" alt=\"\" decoding=\"async\" loading=\"lazy\" srcset=\"http:\/\/www.kayakdouarnenez.fr\/wp-content\/uploads\/2022\/05\/pause-esquimautage-dans-le-port-e1674202337641-300x169.jpg 300w, http:\/\/www.kayakdouarnenez.fr\/wp-content\/uploads\/2022\/05\/pause-esquimautage-dans-le-port-e1674202337641.jpg 711w\" sizes=\"(max-width: 300px) 100vw, 300px\" \/>\t\t\t\t<\/a>\n\t\t\t<\/div>\n        \n                <div class=\"post-grid-text-wrap\">\n                                        \t\t<h3 class=\"title\">\n\t\t\t<a href=\"http:\/\/www.kayakdouarnenez.fr\/?p=3722\">Pause esquimautage dans le port<\/a>\n\t\t<\/h3>\n\t\t                    \t\t<div class=\"post-grid-excerpt\">\n\t\t\t<p>L&#8217;eau est plus froide qu&#8217;\u00e0 la piscine, mais c&#8217;est le printemps et plus de raison de diff\u00e9rer la mise&hellip;<\/p>\n\t\t<\/div>\n\t\t                    \t\t<a class=\"read-more-btn\" href=\"http:\/\/www.kayakdouarnenez.fr\/?p=3722\">Lire la suite \u00bb<\/a>\n\t\t                <\/div>\n\n            <\/div><!-- .blog-inner -->\n           \n        <\/article>\n\n        \n\t\t\t<\/div>\n\t\t<\/div>\n\t\t\t\t<\/div>\n\t\t\t\t<\/div>\n\t\t\t\t\t<\/div>\n\t\t<\/div>\n\t\t\t\t\t\t\t<\/div>\n\t\t<\/section>\n\t\t\t\t\t\t\t<\/div>\n\t\t","protected":false},"excerpt":{"rendered":"<p>Reprise des activit\u00e9s Ce dimanche 11 septembre est jour de rentr\u00e9e pour Armor Kayak Douarnenez. La sortie matinale a \u00e9t\u00e9 l&#8217;occasion de&hellip; Lire la suite \u00bb Les Etocs Journ\u00e9e pluvieuse en ce mois d&#8217;ao\u00fbt si chaud. On est 8 au d\u00e9part du port de Kerity-Penmarc&#8217;h, o\u00f9 on&hellip; Lire la suite \u00bb Week-end dans le Golf [&hellip;]<\/p>\n","protected":false},"author":1,"featured_media":0,"parent":0,"menu_order":0,"comment_status":"closed","ping_status":"closed","template":"","meta":[],"_links":{"self":[{"href":"http:\/\/www.kayakdouarnenez.fr\/index.php?rest_route=\/wp\/v2\/pages\/2773"}],"collection":[{"href":"http:\/\/www.kayakdouarnenez.fr\/index.php?rest_route=\/wp\/v2\/pages"}],"about":[{"href":"http:\/\/www.kayakdouarnenez.fr\/index.php?rest_route=\/wp\/v2\/types\/page"}],"author":[{"embeddable":true,"href":"http:\/\/www.kayakdouarnenez.fr\/index.php?rest_route=\/wp\/v2\/users\/1"}],"replies":[{"embeddable":true,"href":"http:\/\/www.kayakdouarnenez.fr\/index.php?rest_route=%2Fwp%2Fv2%2Fcomments&post=2773"}],"version-history":[{"count":31,"href":"http:\/\/www.kayakdouarnenez.fr\/index.php?rest_route=\/wp\/v2\/pages\/2773\/revisions"}],"predecessor-version":[{"id":3172,"href":"http:\/\/www.kayakdouarnenez.fr\/index.php?rest_route=\/wp\/v2\/pages\/2773\/revisions\/3172"}],"wp:attachment":[{"href":"http:\/\/www.kayakdouarnenez.fr\/index.php?rest_route=%2Fwp%2Fv2%2Fmedia&parent=2773"}],"curies":[{"name":"wp","href":"https:\/\/api.w.org\/{rel}","templated":true}]}}